{"id":63,"date":"2015-04-13T11:19:50","date_gmt":"2015-04-13T09:19:50","guid":{"rendered":"http:\/\/ungdomsstevnet.landedata.net\/?page_id=63"},"modified":"2022-08-31T00:53:48","modified_gmt":"2022-08-30T22:53:48","slug":"arrangorer","status":"publish","type":"page","link":"https:\/\/ungdomsstevne.no\/?page_id=63","title":{"rendered":"Arrang\u00f8rer"},"content":{"rendered":"<p>Har du generelle sp\u00f8rsm\u00e5l rundt Ungdomsstevnet, s\u00e5 send en mail til stevneleder <a href=\"mailto:post@51.120.91.2\">ola.fosshaug@gmail.com <\/a>eller ring 95 94 68 44<\/p>\n\n\n<figure class=\"wp-block-table\"><table><tbody><tr><td><img loading=\"lazy\" width=\"150\" height=\"150\" src=\"http:\/\/ungdomsstevnet.no\/wp-content\/uploads\/Logo-Flesberg-skytterlag.jpg\" alt=\"\"><\/td><td><a href=\"http:\/\/www.dfs.no\/flesberg\">Flesberg Skytterlag<\/a><br>Stevnetelefon: 90 41 49 96<a href=\"http:\/\/www.dfs.no\/flesberg\"><br><\/a>E-post:\u00a0<a href=\"mailto:flesberg@skytterlag.no\">flesberg@skytterlag.no<\/a><\/td><\/tr><tr><td><img loading=\"lazy\" width=\"150\" height=\"150\" src=\"http:\/\/ungdomsstevnet.no\/wp-content\/uploads\/Logo-Rollag_og_Veggli-skytt.jpg\" alt=\"\"><\/td><td><a href=\"http:\/\/www.dfs.no\/rov\">Rollag og Veggli Skytterlag (ROV)<br><\/a>E-post:&nbsp;<a href=\"mailto:rollag-veggli@skytterlag.no\">rollag-veggli@skytterlag.no<\/a><\/td><\/tr><tr><td><img loading=\"lazy\" width=\"150\" height=\"146\" src=\"http:\/\/ungdomsstevnet.no\/wp-content\/uploads\/Sigdal_logo_web-150x146-1.jpg\" alt=\"\"><\/td><td><a href=\"http:\/\/www.dfs.no\/sigdal\">Sigdal Skytterlag<\/a><br>Stevnetelefon: 95 80 66 04<a href=\"http:\/\/www.dfs.no\/sigdal\"><br><\/a>E-post:\u00a0<a href=\"mailto:sigdal@skytterlag.no\">sigdal@skytterlag.no<\/a><\/td><\/tr><\/tbody><\/table><\/figure>\n","protected":false},"excerpt":{"rendered":"<p>Har du generelle sp\u00f8rsm\u00e5l rundt Ungdomsstevnet, s\u00e5 send en mail til stevneleder ola.fosshaug@gmail.com eller ring 95 94 68 44 Flesberg SkytterlagStevnetelefon: 90 41 49 96E-post:\u00a0flesberg@skytterlag.no Rollag og Veggli Skytterlag (ROV)E-post:&nbsp;rollag-veggli@skytterlag.no Sigdal SkytterlagStevnetelefon: 95 80 66 04E-post:\u00a0sigdal@skytterlag.no<\/p>\n","protected":false},"author":1,"featured_media":0,"parent":0,"menu_order":0,"comment_status":"closed","ping_status":"closed","template":"","meta":[],"jetpack_shortlink":"https:\/\/wp.me\/P5WKgP-11","_links":{"self":[{"href":"https:\/\/ungdomsstevne.no\/index.php?rest_route=\/wp\/v2\/pages\/63"}],"collection":[{"href":"https:\/\/ungdomsstevne.no\/index.php?rest_route=\/wp\/v2\/pages"}],"about":[{"href":"https:\/\/ungdomsstevne.no\/index.php?rest_route=\/wp\/v2\/types\/page"}],"author":[{"embeddable":true,"href":"https:\/\/ungdomsstevne.no\/index.php?rest_route=\/wp\/v2\/users\/1"}],"replies":[{"embeddable":true,"href":"https:\/\/ungdomsstevne.no\/index.php?rest_route=%2Fwp%2Fv2%2Fcomments&post=63"}],"version-history":[{"count":9,"href":"https:\/\/ungdomsstevne.no\/index.php?rest_route=\/wp\/v2\/pages\/63\/revisions"}],"predecessor-version":[{"id":876,"href":"https:\/\/ungdomsstevne.no\/index.php?rest_route=\/wp\/v2\/pages\/63\/revisions\/876"}],"wp:attachment":[{"href":"https:\/\/ungdomsstevne.no\/index.php?rest_route=%2Fwp%2Fv2%2Fmedia&parent=63"}],"curies":[{"name":"wp","href":"https:\/\/api.w.org\/{rel}","templated":true}]}}