{"id":27,"date":"2015-03-25T10:24:00","date_gmt":"2015-03-25T09:24:00","guid":{"rendered":"http:\/\/ungdomsstevnet.landedata.net\/?page_id=27"},"modified":"2024-08-06T20:39:52","modified_gmt":"2024-08-06T18:39:52","slug":"aktiviteter","status":"publish","type":"page","link":"https:\/\/ungdomsstevne.no\/?page_id=27","title":{"rendered":"Aktiviteter"},"content":{"rendered":"<div>\n<p>\u00a0<\/p>\n<p>Vi kan ogs\u00e5 i 2024 tilby aktivitetsmuligheter utenom de tradisjonelle skyteaktivitetene, det sosiale er viktig p\u00e5 Ungdomsstevnet!<br \/><br \/><span style=\"color: #ff0000;\">* Mer informasjon om l\u00f8rdagskvelden 2024 kommer snart&#8230;. Men informasjon og lenke til tacokvelden under er oppdatert.\u00a0<\/span><\/p>\n<p>Taco-Buffet st\u00e5r\u00a0 ogs\u00e5 i \u00e5r p\u00e5 programmet.<\/p>\n<p><a href=\"https:\/\/forms.gle\/D8deFGwcNCRR4VPJ7\">P\u00e5meldingen er digital, og gj\u00f8res her:\u00a0<\/a><\/p>\n<p>Dette vil som tidligere \u00e5r skje p\u00e5 samfunnshuset i Flesberg, rett ved skyttercampen. Eksakte planer og tider vil bli lagt ut her og p\u00e5 facebook etterhvert.<\/p>\n<p>\u00a0<\/p>\n<\/div>\n<div>\u00a0<\/div>\n\n\n<figure class=\"wp-block-image size-large\"><img loading=\"lazy\" width=\"724\" height=\"1024\" src=\"https:\/\/ungdomsstevnet.no\/wp-content\/uploads\/Invitasjon-til-tacokveld-07.09.24_uten-link-724x1024.jpg\" alt=\"\" class=\"wp-image-1045\" srcset=\"https:\/\/ungdomsstevne.no\/wp-content\/uploads\/Invitasjon-til-tacokveld-07.09.24_uten-link-724x1024.jpg 724w, https:\/\/ungdomsstevne.no\/wp-content\/uploads\/Invitasjon-til-tacokveld-07.09.24_uten-link-212x300.jpg 212w, https:\/\/ungdomsstevne.no\/wp-content\/uploads\/Invitasjon-til-tacokveld-07.09.24_uten-link-768x1086.jpg 768w, https:\/\/ungdomsstevne.no\/wp-content\/uploads\/Invitasjon-til-tacokveld-07.09.24_uten-link-1086x1536.jpg 1086w, https:\/\/ungdomsstevne.no\/wp-content\/uploads\/Invitasjon-til-tacokveld-07.09.24_uten-link-1448x2048.jpg 1448w, https:\/\/ungdomsstevne.no\/wp-content\/uploads\/Invitasjon-til-tacokveld-07.09.24_uten-link-scaled.jpg 1811w\" sizes=\"(max-width: 724px) 100vw, 724px\" \/><\/figure>\n","protected":false},"excerpt":{"rendered":"<p>\u00a0 Vi kan ogs\u00e5 i 2024 tilby aktivitetsmuligheter utenom de tradisjonelle skyteaktivitetene, det sosiale er viktig p\u00e5 Ungdomsstevnet! * Mer informasjon om l\u00f8rdagskvelden 2024 kommer snart&#8230;. Men informasjon og lenke til tacokvelden under er oppdatert.\u00a0 Taco-Buffet st\u00e5r\u00a0 ogs\u00e5 i \u00e5r &hellip; <a href=\"https:\/\/ungdomsstevne.no\/?page_id=27\">Les videre <span class=\"meta-nav\">&rarr;<\/span><\/a><\/p>\n","protected":false},"author":1,"featured_media":0,"parent":0,"menu_order":0,"comment_status":"closed","ping_status":"closed","template":"","meta":[],"jetpack_shortlink":"https:\/\/wp.me\/P5WKgP-r","_links":{"self":[{"href":"https:\/\/ungdomsstevne.no\/index.php?rest_route=\/wp\/v2\/pages\/27"}],"collection":[{"href":"https:\/\/ungdomsstevne.no\/index.php?rest_route=\/wp\/v2\/pages"}],"about":[{"href":"https:\/\/ungdomsstevne.no\/index.php?rest_route=\/wp\/v2\/types\/page"}],"author":[{"embeddable":true,"href":"https:\/\/ungdomsstevne.no\/index.php?rest_route=\/wp\/v2\/users\/1"}],"replies":[{"embeddable":true,"href":"https:\/\/ungdomsstevne.no\/index.php?rest_route=%2Fwp%2Fv2%2Fcomments&post=27"}],"version-history":[{"count":11,"href":"https:\/\/ungdomsstevne.no\/index.php?rest_route=\/wp\/v2\/pages\/27\/revisions"}],"predecessor-version":[{"id":1046,"href":"https:\/\/ungdomsstevne.no\/index.php?rest_route=\/wp\/v2\/pages\/27\/revisions\/1046"}],"wp:attachment":[{"href":"https:\/\/ungdomsstevne.no\/index.php?rest_route=%2Fwp%2Fv2%2Fmedia&parent=27"}],"curies":[{"name":"wp","href":"https:\/\/api.w.org\/{rel}","templated":true}]}}