{"id":23,"date":"2015-03-25T10:23:47","date_gmt":"2015-03-25T09:23:47","guid":{"rendered":"http:\/\/ungdomsstevnet.landedata.net\/?page_id=23"},"modified":"2024-09-01T13:03:58","modified_gmt":"2024-09-01T11:03:58","slug":"premiering","status":"publish","type":"page","link":"https:\/\/ungdomsstevne.no\/?page_id=23","title":{"rendered":"Premiering"},"content":{"rendered":"<table border=\"0\" width=\"100%\" cellspacing=\"8\" cellpadding=\"2\">\n<tbody>\n<tr>\n<td><span style=\"color: #000000;\"><b>100% premiering i alle klasser!<br \/>\n<\/b><\/span><img loading=\"lazy\" class=\"alignnone size-full wp-image-595\" src=\"http:\/\/51.120.91.2\/wp-content\/uploads\/premier.jpg\" alt=\"\" width=\"960\" height=\"720\" srcset=\"https:\/\/ungdomsstevne.no\/wp-content\/uploads\/premier.jpg 960w, https:\/\/ungdomsstevne.no\/wp-content\/uploads\/premier-300x225.jpg 300w, https:\/\/ungdomsstevne.no\/wp-content\/uploads\/premier-768x576.jpg 768w\" sizes=\"(max-width: 960px) 100vw, 960px\" \/><\/p>\n<ul>\n<li><strong>PREMIERING 2024:<\/strong><\/li>\n<li>Vi har 100% premiering med gavepremier for R, ER, J, EJ, Jfin, EJfin og NV etter 50 skudd sammenlagt fra begge banestevnene!<br \/>\nSe bilder fra tidligere \u00e5rs premiebord!<\/li>\n<li>De tre beste i hver klasse premieres p\u00e5 25-skudden fra hvert av stevnene. (Alle klasser utenom NU, Jfin, EJfin)<\/li>\n<li>Det deles ut gylt, s\u00f8lv og bronse medalje i hver klasse sammenlagt p\u00e5 60 skudd.<br \/>\n(Kun 1 medalje i Jfin og EJfin ved mindre enn ti deltakere i hverklasse, ved mer enn 10 deltakere deles det ut tre medaljer)<\/li>\n<li>Rangering etter DFS regelverk ved lik poengsum, ogs\u00e5 i finalen.<\/li>\n<li>Nybegynner ungdom (NU) premieres etter endt 25-skudd p\u00e5 hvert stevne, deles ut rett etter skytingen. NU f\u00e5r ogs\u00e5 deltakerpremie p\u00e5 stang og felthurtig rett etter skyting.<\/li>\n<li>Det premieres med medaljer for de tre beste 3-mannslag i b\u00e5de Flesberg og Sigdal, fylt, s\u00f8lv og bronse.<\/li>\n<li>Stang- og felthurtigskyting premieres med tre gavepremier i alle klasser.<\/li>\n<\/ul>\n<table border=\"0\" width=\"100%\" cellspacing=\"8\" cellpadding=\"2\">\n<tbody>\n<tr>\n<td align=\"center\" valign=\"middle\">\n<p align=\"left\"><strong>Vi ettersender IKKE premier. Vet du at du ikke kan hente din premie s\u00e5 f\u00e5 noen til \u00e5 ta med for deg!<\/strong><\/p>\n<p align=\"left\"><strong>Deltakende skytterlag oppfordres til \u00e5 gi gavepremier!<br \/>\nPengepremier bes innbetalt til bankkonto nr. 2480.16.49935<\/strong><\/p>\n<p><strong>Sp\u00f8rsm\u00e5l om premiering, eller dere \u00f8nsker \u00e5 bidra til \u00e5rets premiebord:<br \/>\n<\/strong>May Helen Hoffart: may_helen88@yahoo.no<br \/>\nAnn Silje Vad: annsiljevad@hotmail.com<\/p>\n<div class=\"j83agx80\" role=\"none\">\n<div class=\"j83agx80 buofh1pr g5gj957u hpfvmrgz rl25f0pe\" role=\"none\" data-testid=\"message-container\">\n<div class=\"ns4p8fja j83agx80 cbu4d94t a6sixzi8 bkfpd7mw a1xu1aao\" role=\"none\">\n<div class=\"ns4p8fja j83agx80 cbu4d94t a6sixzi8 bkfpd7mw d2edcug0 kb5gq1qc nred35xi\" role=\"none\"><\/div>\n<\/div>\n<div class=\"ns4p8fja j83agx80 cbu4d94t a6sixzi8 bkfpd7mw d2edcug0 kb5gq1qc nred35xi\" role=\"none\">\n<div class=\"pfnyh3mw j83agx80 cbu4d94t jcr6t5e3 taijpn5t buofh1pr l9j0dhe7 s90hwng2 jxrgncrl\" aria-hidden=\"true\">\n<div class=\"bp9cbjyn jcr6t5e3 j83agx80 rl25f0pe\" role=\"none\">\n<div class=\"bp9cbjyn jcr6t5e3 j83agx80 rl25f0pe\" role=\"none\">\n<div>\n<div class=\"\">\n<div class=\"oajrlxb2 gs1a9yip g5ia77u1 mtkw9kbi tlpljxtp qensuy8j ppp5ayq2 goun2846 ccm00jje s44p3ltw mk2mc5f4 rt8b4zig n8ej3o3l agehan2d sk4xxmp2 rq0escxv nhd2j8a9 mg4g778l pfnyh3mw p7hjln8o kvgmc6g5 cxmmr5t8 oygrvhab hcukyx3x tgvbjcpo hpfvmrgz jb3vyjys rz4wbd8a qt6c0cv9 a8nywdso l9j0dhe7 i1ao9s8h esuyzwwr f1sip0of du4w35lb n00je7tq arfg74bv qs9ysxi8 k77z8yql btwxx1t3 abiwlrkh p8dawk7l j83agx80 lzcic4wl\" tabindex=\"0\" role=\"button\" aria-expanded=\"false\" aria-haspopup=\"menu\" aria-label=\"Reager\">\n<div class=\"hcukyx3x cxmmr5t8 b73ngqbp rgmg9uty j83agx80 s45kfl79 emlxlaya bkmhp75w spb7xbtv pfnyh3mw n5ue3fu6 bp9cbjyn taijpn5t oqcyycmt nhd2j8a9 opvtebq1 l9j0dhe7\">\n<div class=\"p1ueia1e pgctjfs5 l8rlqa9s sh06z9xi i2p6rm4e\"><\/div>\n<\/div>\n<\/div>\n<\/div>\n<\/div>\n<div>\n<div class=\"hcukyx3x cxmmr5t8 b73ngqbp rgmg9uty j83agx80 s45kfl79 emlxlaya bkmhp75w spb7xbtv pfnyh3mw n5ue3fu6 bp9cbjyn taijpn5t oqcyycmt nhd2j8a9 opvtebq1 l9j0dhe7\">\n<div class=\"oajrlxb2 gs1a9yip g5ia77u1 mtkw9kbi tlpljxtp qensuy8j ppp5ayq2 goun2846 ccm00jje s44p3ltw mk2mc5f4 rt8b4zig n8ej3o3l agehan2d sk4xxmp2 rq0escxv nhd2j8a9 mg4g778l pfnyh3mw p7hjln8o kvgmc6g5 cxmmr5t8 oygrvhab hcukyx3x tgvbjcpo hpfvmrgz jb3vyjys rz4wbd8a qt6c0cv9 a8nywdso l9j0dhe7 i1ao9s8h esuyzwwr f1sip0of du4w35lb n00je7tq arfg74bv qs9ysxi8 k77z8yql btwxx1t3 abiwlrkh p8dawk7l j83agx80 lzcic4wl\" tabindex=\"0\" role=\"button\" aria-label=\"Svar\">\n<div class=\"p1ueia1e pgctjfs5 l8rlqa9s sh06z9xi i2p6rm4e\"><\/div>\n<\/div>\n<\/div>\n<\/div>\n<div>\n<div class=\"oajrlxb2 gs1a9yip g5ia77u1 mtkw9kbi tlpljxtp qensuy8j ppp5ayq2 goun2846 ccm00jje s44p3ltw mk2mc5f4 rt8b4zig n8ej3o3l agehan2d sk4xxmp2 rq0escxv nhd2j8a9 mg4g778l pfnyh3mw p7hjln8o kvgmc6g5 cxmmr5t8 oygrvhab hcukyx3x tgvbjcpo hpfvmrgz jb3vyjys rz4wbd8a qt6c0cv9 a8nywdso l9j0dhe7 i1ao9s8h esuyzwwr f1sip0of du4w35lb n00je7tq arfg74bv qs9ysxi8 k77z8yql btwxx1t3 abiwlrkh p8dawk7l j83agx80 lzcic4wl\" tabindex=\"0\" role=\"button\" aria-expanded=\"false\" aria-haspopup=\"menu\" aria-label=\"Mer\">\n<div class=\"hcukyx3x cxmmr5t8 b73ngqbp rgmg9uty j83agx80 s45kfl79 emlxlaya bkmhp75w spb7xbtv pfnyh3mw n5ue3fu6 bp9cbjyn taijpn5t oqcyycmt nhd2j8a9 opvtebq1 l9j0dhe7\">\n<div class=\"p1ueia1e pgctjfs5 l8rlqa9s sh06z9xi i2p6rm4e\"><\/div>\n<\/div>\n<\/div>\n<\/div>\n<\/div>\n<\/div>\n<\/div>\n<\/div>\n<div class=\"ns4p8fja j83agx80 cbu4d94t a6sixzi8 bkfpd7mw d2edcug0 buofh1pr nred35xi\" role=\"none\">\n<div class=\"buofh1pr rj1gh0hx\" role=\"none\"><\/div>\n<\/div>\n<\/div>\n<div class=\"ns4p8fja j83agx80 cbu4d94t a6sixzi8 bkfpd7mw d2edcug0 kb5gq1qc nred35xi\" role=\"none\">\n<div id=\"\" class=\"j83agx80 aovydwv3 ni8dbmo4 stjgntxs odw8uiq3\" role=\"none\" data-testid=\"messenger_delivery_status\"><\/div>\n<\/div>\n<\/div>\n<\/td>\n<\/tr>\n<\/tbody>\n<\/table>\n<\/td>\n<\/tr>\n<\/tbody>\n<\/table>\n","protected":false},"excerpt":{"rendered":"<p>100% premiering i alle klasser! PREMIERING 2024: Vi har 100% premiering med gavepremier for R, ER, J, EJ, Jfin, EJfin og NV etter 50 skudd sammenlagt fra begge banestevnene! Se bilder fra tidligere \u00e5rs premiebord! De tre beste i hver &hellip; <a href=\"https:\/\/ungdomsstevne.no\/?page_id=23\">Les videre <span class=\"meta-nav\">&rarr;<\/span><\/a><\/p>\n","protected":false},"author":1,"featured_media":0,"parent":0,"menu_order":0,"comment_status":"closed","ping_status":"closed","template":"","meta":[],"jetpack_shortlink":"https:\/\/wp.me\/P5WKgP-n","_links":{"self":[{"href":"https:\/\/ungdomsstevne.no\/index.php?rest_route=\/wp\/v2\/pages\/23"}],"collection":[{"href":"https:\/\/ungdomsstevne.no\/index.php?rest_route=\/wp\/v2\/pages"}],"about":[{"href":"https:\/\/ungdomsstevne.no\/index.php?rest_route=\/wp\/v2\/types\/page"}],"author":[{"embeddable":true,"href":"https:\/\/ungdomsstevne.no\/index.php?rest_route=\/wp\/v2\/users\/1"}],"replies":[{"embeddable":true,"href":"https:\/\/ungdomsstevne.no\/index.php?rest_route=%2Fwp%2Fv2%2Fcomments&post=23"}],"version-history":[{"count":9,"href":"https:\/\/ungdomsstevne.no\/index.php?rest_route=\/wp\/v2\/pages\/23\/revisions"}],"predecessor-version":[{"id":1054,"href":"https:\/\/ungdomsstevne.no\/index.php?rest_route=\/wp\/v2\/pages\/23\/revisions\/1054"}],"wp:attachment":[{"href":"https:\/\/ungdomsstevne.no\/index.php?rest_route=%2Fwp%2Fv2%2Fmedia&parent=23"}],"curies":[{"name":"wp","href":"https:\/\/api.w.org\/{rel}","templated":true}]}}