{"id":19,"date":"2015-03-25T10:23:36","date_gmt":"2015-03-25T09:23:36","guid":{"rendered":"http:\/\/ungdomsstevnet.landedata.net\/?page_id=19"},"modified":"2024-03-12T22:51:00","modified_gmt":"2024-03-12T21:51:00","slug":"pamelding","status":"publish","type":"page","link":"https:\/\/ungdomsstevne.no\/?page_id=19","title":{"rendered":"P\u00e5melding"},"content":{"rendered":"<p><strong>P\u00e5melding 2024:<\/strong><\/p>\n<ul style=\"color: #000000;\">\n<li>Vi har nettp\u00e5melding via MITT DFS \u00a0i perioden fra 7.juli &#8211; 3. september<\/li>\n<li><span style=\"color: #000000;\">For grupper p\u00e5 10 personer eller flere som \u00f8nsker tiln\u00e6rmet lik skytetid, er det muligheter for forh\u00e5ndsp\u00e5melding fram til og med 30 <\/span><span style=\"color: #ff0000;\"><span style=\"color: #ff0000;\"><span style=\"color: #000000;\">.juni.<br \/>\n<\/span><\/span><\/span><span style=\"color: #000000;\">Forh\u00e5ndsp\u00e5melding sendes til <a href=\"mailto:Halvor.Kongsjorden@felleskjopet.no\">Halvor.Kongsjorden@felleskjopet.no <\/a><\/span>\u00a0p\u00e5 <a href=\"http:\/\/ungdomsstevnet.no\/wp-content\/uploads\/Pameldingsskjema-US-i-Numedal-2023.xlsx\">eget excelskjema!<\/a><\/li>\n<li>Forh\u00e5ndsp\u00e5meldinga M\u00c5 leveres p\u00e5 excelskjema og med rett skytter ID!<\/li>\n<li style=\"color: #000000;\">P\u00e5melding til lagskyting, felthurtigskyting og stangskyting gj\u00f8res p\u00e5 banen p\u00e5 stevnedagene.<\/li>\n<\/ul>\n<ul style=\"color: #000000;\">\n<li>P\u00e5melding til lagskyting m\u00e5 skje f\u00f8r lagets skyttere starter sin innledende baneskyting. (Husk minium en junior eller Eldre junior p\u00e5 laget)<br \/>\n<h3><a href=\"http:\/\/ungdomsstevnet.no\/wp-content\/uploads\/Pameldingsskjema-US-i-Numedal-2023.xlsx\"><strong>EXCELSKJEMA FOR FPRH\u00c5NDSP\u00c5MELDING!<\/strong><\/a><\/h3>\n<\/li>\n<\/ul>\n","protected":false},"excerpt":{"rendered":"<p>P\u00e5melding 2024: Vi har nettp\u00e5melding via MITT DFS \u00a0i perioden fra 7.juli &#8211; 3. september For grupper p\u00e5 10 personer eller flere som \u00f8nsker tiln\u00e6rmet lik skytetid, er det muligheter for forh\u00e5ndsp\u00e5melding fram til og med 30 .juni. Forh\u00e5ndsp\u00e5melding sendes &hellip; <a href=\"https:\/\/ungdomsstevne.no\/?page_id=19\">Les videre <span class=\"meta-nav\">&rarr;<\/span><\/a><\/p>\n","protected":false},"author":1,"featured_media":0,"parent":0,"menu_order":0,"comment_status":"closed","ping_status":"closed","template":"","meta":[],"jetpack_shortlink":"https:\/\/wp.me\/P5WKgP-j","_links":{"self":[{"href":"https:\/\/ungdomsstevne.no\/index.php?rest_route=\/wp\/v2\/pages\/19"}],"collection":[{"href":"https:\/\/ungdomsstevne.no\/index.php?rest_route=\/wp\/v2\/pages"}],"about":[{"href":"https:\/\/ungdomsstevne.no\/index.php?rest_route=\/wp\/v2\/types\/page"}],"author":[{"embeddable":true,"href":"https:\/\/ungdomsstevne.no\/index.php?rest_route=\/wp\/v2\/users\/1"}],"replies":[{"embeddable":true,"href":"https:\/\/ungdomsstevne.no\/index.php?rest_route=%2Fwp%2Fv2%2Fcomments&post=19"}],"version-history":[{"count":5,"href":"https:\/\/ungdomsstevne.no\/index.php?rest_route=\/wp\/v2\/pages\/19\/revisions"}],"predecessor-version":[{"id":1027,"href":"https:\/\/ungdomsstevne.no\/index.php?rest_route=\/wp\/v2\/pages\/19\/revisions\/1027"}],"wp:attachment":[{"href":"https:\/\/ungdomsstevne.no\/index.php?rest_route=%2Fwp%2Fv2%2Fmedia&parent=19"}],"curies":[{"name":"wp","href":"https:\/\/api.w.org\/{rel}","templated":true}]}}