{"id":17,"date":"2015-03-25T10:23:28","date_gmt":"2015-03-25T09:23:28","guid":{"rendered":"http:\/\/ungdomsstevnet.landedata.net\/?page_id=17"},"modified":"2024-09-07T22:24:03","modified_gmt":"2024-09-07T20:24:03","slug":"program","status":"publish","type":"page","link":"https:\/\/ungdomsstevne.no\/?page_id=17","title":{"rendered":"Program"},"content":{"rendered":"<p style=\"color: #000000; text-align: left;\"><strong>PROGRAM 2024:<\/strong><\/p>\n<p><span style=\"color: #008000;\"><strong>Baneskyting<\/strong><\/span><\/p>\n<ul>\n<li>Det skytes innledende 25-skudd p\u00e5 hver av banene i Flesberg og Sigdal.<\/li>\n<li>Ungdomsskyttere i klasse NU, R, ER, J, EJ og NV (t.o.m 18 \u00e5r) kan delta.<\/li>\n<li>Innledende skyting gjennomf\u00f8res fredag, l\u00f8rdag og s\u00f8ndag.<\/li>\n<li>Junior og Eldre Junior skyter sine 25 skudder og finale p\u00e5 200 meter ogs\u00e5 i 2024. Det er mulig \u00e5 skyte p\u00e5 100 meter for de som \u00f8nsker med finkaliber. Nytt fra 2024 er at det ogs\u00e5 er finale i Jfin og EJfin 100 meter.( De 6 beste i hver klasse g\u00e5r til finalen &#8211; det skytes om en medalje ved deltaker antall under 10 skyttere, 3 medaljer over 10 skyttere. .<\/li>\n<li>Felles finaleomgang for de 24 beste i hver av klassene R og\u00a0 ER, mens de 18 beste i\u00a0 J og i\u00a0 EJ f\u00e5r skyte finale, (Jfin og EJfin er det finaleomgang for de 6 beste i hverklasse. Finalene gjennomf\u00f8res p\u00e5 banen i Flesberg s\u00f8ndag.<\/li>\n<li>Ved poenglikhet rangeres det iht. DFS sine gjeldende rangeringsregler, ogs\u00e5 i finalene. Dersom to eller flere skyttere skulle v\u00e6re rangert likt i kampen om de siste plassene i finalelagene, rangeres resultatet fra Flesberg (finalearenaen) foran resultatet fra Sigdal Dersom det er skyttere som forsatt st\u00e5r likt etter dette, avgj\u00f8res sp\u00f8rsm\u00e5let ved loddtrekning.<\/li>\n<li>Det skytes p\u00e5 elektroniske skiver p\u00e5 begge banene.<\/li>\n<\/ul>\n<p><span style=\"color: #339966;\"><strong>Stang (Hos Sigdal) og felthurtigskyting (Hos Flesberg) ogs\u00e5 i 2024!<br \/>\n<\/strong><\/span><\/p>\n<ul>\n<li><em>Stangskyting for de som \u00f8nsker foreg\u00e5r p\u00e5 elektroniske skiver p\u00e5 100 m i Sigdal. <strong>Med kortere avstand er det n\u00e5 ogs\u00e5 mulig \u00e5 skyte stang med finkaliber!<\/strong><\/em><\/li>\n<li><em>Det blir ogs\u00e5 muligheter for \u00e5 pr\u00f8ve seg p\u00e5 felthurtigskyting ogs\u00e5 i Flesberg i 2024. \u00a0<strong>Det er fallfigurer p\u00e5 &laquo;stupern&raquo;for skyting med grovkaliber, samtidig er det satt opp selvanvisere med et enkelt opplegg for skyting med finkaliber!<\/strong><\/em><\/li>\n<li><em>Dette er uh\u00f8ytidelige konkurranser hvor form\u00e5let f\u00f8rst og fremst er \u00e5 gi skytterne en mulighet til \u00e5 bli kjent med \u00f8velsene. Det gis anledning til flere fors\u00f8k.<\/em><\/li>\n<li><em>Stang og felthurtig vil ha egne \u00e5pningstider, disse publiseres p\u00e5 v\u00e5r facebookside! Vi oppfordrer til \u00e5 skyte dette fredag og l\u00f8rdag, da k\u00f8en erfaringsmessig blir sv\u00e6rt lang p\u00e5 s\u00f8ndag.<\/em><\/li>\n<li><em>Stang og felthurtig SKAL skytes med samme v\u00e5pen og kaliber som man benytter til baneskytingen.<br \/>\n<\/em><\/li>\n<\/ul>\n<p><span style=\"color: #339966;\"><strong>Lagskyting<\/strong><\/span><\/p>\n<ul>\n<li>Lagskyting gjennomf\u00f8res p\u00e5 begge baner med forh\u00e5ndsp\u00e5meldte 3-mannslag med minst \u00e9n junior, eventuelt EJ. Hvert skytterlag kan melde p\u00e5 flere lag (<a style=\"color: purple;\" href=\"http:\/\/51.120.91.2\/default.aspx?MenuID=15595\">se p\u00e5melding<\/a>).<\/li>\n<li>De aktuelle deltakernes skyting under den innledende 25-skudden p\u00e5 banene, danner grunnlag for beregning av resultatene i lagkonkurransene.<\/li>\n<\/ul>\n<p><span style=\"color: #339966;\"><strong>Innskudd 2024:<\/strong><\/span><\/p>\n<ul>\n<li>Innskuddet er kr. 130,- pr. banestevne for NV, R, ER, J og EJ.<\/li>\n<li>NU\u00a0 betaler kr. 100,- pr. stevne.<\/li>\n<li>Innskuddet for lagskyting er kr. 150,- pr. lag pr. stevne.<\/li>\n<li>For stang- og felthurtigskyting betales kr. 25,- pr. fors\u00f8k.<span style=\"color: #ff0000;\">Tidsplanene for finaledagen i 2024 vil bli noks\u00e5 lik, men kommer f\u00f8rst etter p\u00e5meldingsfristen har g\u00e5tt ut!<\/span><br \/>\n<img loading=\"lazy\" class=\"alignnone size-full wp-image-996\" src=\"http:\/\/ungdomsstevnet.no\/wp-content\/uploads\/Tidsplan-sondag-3.9-US2023.jpg\" alt=\"\" width=\"579\" height=\"799\" srcset=\"https:\/\/ungdomsstevne.no\/wp-content\/uploads\/Tidsplan-sondag-3.9-US2023.jpg 579w, https:\/\/ungdomsstevne.no\/wp-content\/uploads\/Tidsplan-sondag-3.9-US2023-217x300.jpg 217w\" sizes=\"(max-width: 579px) 100vw, 579px\" \/><\/li>\n<\/ul>\n","protected":false},"excerpt":{"rendered":"<p>PROGRAM 2024: Baneskyting Det skytes innledende 25-skudd p\u00e5 hver av banene i Flesberg og Sigdal. Ungdomsskyttere i klasse NU, R, ER, J, EJ og NV (t.o.m 18 \u00e5r) kan delta. Innledende skyting gjennomf\u00f8res fredag, l\u00f8rdag og s\u00f8ndag. Junior og Eldre &hellip; <a href=\"https:\/\/ungdomsstevne.no\/?page_id=17\">Les videre <span class=\"meta-nav\">&rarr;<\/span><\/a><\/p>\n","protected":false},"author":1,"featured_media":0,"parent":0,"menu_order":0,"comment_status":"closed","ping_status":"closed","template":"","meta":[],"jetpack_shortlink":"https:\/\/wp.me\/P5WKgP-h","_links":{"self":[{"href":"https:\/\/ungdomsstevne.no\/index.php?rest_route=\/wp\/v2\/pages\/17"}],"collection":[{"href":"https:\/\/ungdomsstevne.no\/index.php?rest_route=\/wp\/v2\/pages"}],"about":[{"href":"https:\/\/ungdomsstevne.no\/index.php?rest_route=\/wp\/v2\/types\/page"}],"author":[{"embeddable":true,"href":"https:\/\/ungdomsstevne.no\/index.php?rest_route=\/wp\/v2\/users\/1"}],"replies":[{"embeddable":true,"href":"https:\/\/ungdomsstevne.no\/index.php?rest_route=%2Fwp%2Fv2%2Fcomments&post=17"}],"version-history":[{"count":12,"href":"https:\/\/ungdomsstevne.no\/index.php?rest_route=\/wp\/v2\/pages\/17\/revisions"}],"predecessor-version":[{"id":1083,"href":"https:\/\/ungdomsstevne.no\/index.php?rest_route=\/wp\/v2\/pages\/17\/revisions\/1083"}],"wp:attachment":[{"href":"https:\/\/ungdomsstevne.no\/index.php?rest_route=%2Fwp%2Fv2%2Fmedia&parent=17"}],"curies":[{"name":"wp","href":"https:\/\/api.w.org\/{rel}","templated":true}]}}